{"id":12958,"date":"2026-03-18T17:04:01","date_gmt":"2026-03-18T16:04:01","guid":{"rendered":"https:\/\/bonsolis.cat\/producto\/aceite-de-oliva-cornicabra-virgen-extra-cosecha-temprana-extraccion-en-frio-el-tilo-garrafa-vidrio-3l\/"},"modified":"2026-04-07T19:15:45","modified_gmt":"2026-04-07T17:15:45","slug":"extra-virgin-olive-oil-cornicabra-el-tilo-4","status":"publish","type":"product","link":"https:\/\/bonsolis.cat\/en\/producto\/extra-virgin-olive-oil-cornicabra-el-tilo-4\/","title":{"rendered":"Extra Virgin Olive Oil CORNICABRA EL TILO"},"content":{"rendered":"<!DOCTYPE html PUBLIC \"-\/\/W3C\/\/DTD HTML 4.0 Transitional\/\/EN\" \"http:\/\/www.w3.org\/TR\/REC-html40\/loose.dtd\">\n<?xml encoding=\"utf-8\" ?><?xml encoding=\"utf-8\" ?><html><body><p class=\"ai-optimize-16 ai-optimize-introduction\">CORNICABRA Extra Virgin Olive Oil Early Harvest EL TILO DO VILLUERCAS IBORES JARA 3L Glass Bottle Private Mill<\/p>\n<p class=\"ai-optimize-17\">DO VILLUERCAS IBORES JARA Casta&ntilde;ar de &Iacute;bor (C&aacute;ceres-Extremadura)<\/p>\n<p class=\"ai-optimize-18\">Cold extraction<\/p>\n<p class=\"ai-optimize-18\">Nutritional information:<\/p>\n<p class=\"ai-optimize-19\">Average values &#8203;&#8203;per 100g<\/p>\n<p class=\"ai-optimize-20\">Energy value: 3,629 k.\/883 kcal<\/p>\n<p class=\"ai-optimize-21\">Total fat: 98.1g (Saturates 14.5g)<\/p>\n<p class=\"ai-optimize-25\">Carbohydrates 0.1g, proteins 0.1g and sugars 0.1g each<\/p>\n<p class=\"ai-optimize-19\">25\/26 campaign<\/p>\n<p class=\"ai-optimize-20\">100% Extra Virgin Cornicabra Olive Oil with 75% oleic acid, suitable for cooking and cold cooking. It withstands high temperatures and distinguishes your dishes.<\/p>\n<p class=\"ai-optimize-21\">Gourmet product awarded with an AVPA medal.<\/p>\n<p class=\"ai-optimize-16\">Private Mill<\/p>\n<\/body><\/html>\n","protected":false},"excerpt":{"rendered":"<p class=\"ai-optimize-16 ai-optimize-introduction\">CORNICABRA Extra Virgin Olive Oil Early Harvest EL TILO DO VILLUERCAS IBORES JARA 3L Glass Bottle Private Mill<\/p>\n<p class=\"ai-optimize-17\">DO VILLUERCAS IBORES JARA Casta\u00f1ar de \u00cdbor (C\u00e1ceres-Extremadura)<\/p>\n<p class=\"ai-optimize-18\">Cold extraction<\/p>\n<p class=\"ai-optimize-19\">25\/26 campaign<\/p>\n<p class=\"ai-optimize-20\">100% Extra Virgin Cornicabra Olive Oil with 75% oleic acid, suitable for cooking and cold cooking. It withstands high temperatures and distinguishes your dishes.<\/p>\n<p class=\"ai-optimize-21\">Gourmet product awarded with an AVPA medal.<\/p>\n<p class=\"ai-optimize-16\">Private Mill<\/p>\n","protected":false},"featured_media":13424,"comment_status":"open","ping_status":"closed","template":"","meta":{"inline_featured_image":false},"product_brand":[],"product_cat":[446,263,241,445,199,678,453,692],"product_tag":[],"class_list":{"0":"post-12958","1":"product","2":"type-product","3":"status-publish","4":"has-post-thumbnail","6":"product_cat-cold-extraction","7":"product_cat-cornicabra-en","8":"product_cat-dop-villuercas-ibores-jara-en","9":"product_cat-early-harvest","10":"product_cat-extra-virgin-olive-oil","11":"product_cat-glass-container","12":"product_cat-mountain","13":"product_cat-private-mill","15":"first","16":"instock","17":"featured","18":"taxable","19":"shipping-taxable","20":"purchasable","21":"product-type-simple"},"yoast_head":"<!-- This site is optimized with the Yoast SEO Premium plugin v25.2 (Yoast SEO v27.3) - https:\/\/yoast.com\/product\/yoast-seo-premium-wordpress\/ -->\n<title>Extra Virgin Olive Oil CORNICABRA EL TILO - bonsolis<\/title>\n<meta name=\"description\" content=\"At \u3010Bons Olis\u3011physical and online store in Barcelona, \u200b\u200bwe have Early Harvest Cold Extraction EVOO in 3L glass bottles \u27a1\ufe0f Discover our Cornicabra.\" \/>\n<meta name=\"robots\" content=\"index, follow, max-snippet:-1, max-image-preview:large, max-video-preview:-1\" \/>\n<link rel=\"canonical\" href=\"https:\/\/bonsolis.cat\/en\/producto\/extra-virgin-olive-oil-cornicabra-el-tilo-4\/\" \/>\n<meta property=\"og:locale\" content=\"en_US\" \/>\n<meta property=\"og:type\" content=\"article\" \/>\n<meta property=\"og:title\" content=\"Extra Virgin Olive Oil CORNICABRA EL TILO\" \/>\n<meta property=\"og:description\" content=\"At \u3010Bons Olis\u3011physical and online store in Barcelona, \u200b\u200bwe have Early Harvest Cold Extraction EVOO in 3L glass bottles \u27a1\ufe0f Discover our Cornicabra.\" \/>\n<meta property=\"og:url\" content=\"https:\/\/bonsolis.cat\/en\/producto\/extra-virgin-olive-oil-cornicabra-el-tilo-4\/\" \/>\n<meta property=\"og:site_name\" content=\"bonsolis\" \/>\n<meta property=\"article:modified_time\" content=\"2026-04-07T17:15:45+00:00\" \/>\n<meta property=\"og:image\" content=\"https:\/\/bonsolis.cat\/wp-content\/uploads\/2026\/03\/LUZ9575_png_facil-1024x1024.png\" \/>\n\t<meta property=\"og:image:width\" content=\"1024\" \/>\n\t<meta property=\"og:image:height\" content=\"1024\" \/>\n\t<meta property=\"og:image:type\" content=\"image\/png\" \/>\n<meta name=\"twitter:card\" content=\"summary_large_image\" \/>\n<meta name=\"twitter:label1\" content=\"Est. reading time\" \/>\n\t<meta name=\"twitter:data1\" content=\"1 minute\" \/>\n<!-- \/ Yoast SEO Premium plugin. -->","yoast_head_json":{"title":"Extra Virgin Olive Oil CORNICABRA EL TILO - bonsolis","description":"At \u3010Bons Olis\u3011physical and online store in Barcelona, \u200b\u200bwe have Early Harvest Cold Extraction EVOO in 3L glass bottles \u27a1\ufe0f Discover our Cornicabra.","robots":{"index":"index","follow":"follow","max-snippet":"max-snippet:-1","max-image-preview":"max-image-preview:large","max-video-preview":"max-video-preview:-1"},"canonical":"https:\/\/bonsolis.cat\/en\/producto\/extra-virgin-olive-oil-cornicabra-el-tilo-4\/","og_locale":"en_US","og_type":"article","og_title":"Extra Virgin Olive Oil CORNICABRA EL TILO","og_description":"At \u3010Bons Olis\u3011physical and online store in Barcelona, \u200b\u200bwe have Early Harvest Cold Extraction EVOO in 3L glass bottles \u27a1\ufe0f Discover our Cornicabra.","og_url":"https:\/\/bonsolis.cat\/en\/producto\/extra-virgin-olive-oil-cornicabra-el-tilo-4\/","og_site_name":"bonsolis","article_modified_time":"2026-04-07T17:15:45+00:00","og_image":[{"width":1024,"height":1024,"url":"https:\/\/bonsolis.cat\/wp-content\/uploads\/2026\/03\/LUZ9575_png_facil-1024x1024.png","type":"image\/png"}],"twitter_card":"summary_large_image","twitter_misc":{"Est. reading time":"1 minute"},"schema":{"@context":"https:\/\/schema.org","@graph":[{"@type":"WebPage","@id":"https:\/\/bonsolis.cat\/en\/producto\/extra-virgin-olive-oil-cornicabra-el-tilo-4\/","url":"https:\/\/bonsolis.cat\/en\/producto\/extra-virgin-olive-oil-cornicabra-el-tilo-4\/","name":"Extra Virgin Olive Oil CORNICABRA EL TILO - bonsolis","isPartOf":{"@id":"https:\/\/bonsolis.cat\/en\/#website"},"primaryImageOfPage":{"@id":"https:\/\/bonsolis.cat\/en\/producto\/extra-virgin-olive-oil-cornicabra-el-tilo-4\/#primaryimage"},"image":{"@id":"https:\/\/bonsolis.cat\/en\/producto\/extra-virgin-olive-oil-cornicabra-el-tilo-4\/#primaryimage"},"thumbnailUrl":"https:\/\/bonsolis.cat\/wp-content\/uploads\/2026\/03\/LUZ9575_png_facil.png","datePublished":"2026-03-18T16:04:01+00:00","dateModified":"2026-04-07T17:15:45+00:00","description":"At \u3010Bons Olis\u3011physical and online store in Barcelona, \u200b\u200bwe have Early Harvest Cold Extraction EVOO in 3L glass bottles \u27a1\ufe0f Discover our Cornicabra.","breadcrumb":{"@id":"https:\/\/bonsolis.cat\/en\/producto\/extra-virgin-olive-oil-cornicabra-el-tilo-4\/#breadcrumb"},"inLanguage":"en-US","potentialAction":[{"@type":"ReadAction","target":["https:\/\/bonsolis.cat\/en\/producto\/extra-virgin-olive-oil-cornicabra-el-tilo-4\/"]}]},{"@type":"ImageObject","inLanguage":"en-US","@id":"https:\/\/bonsolis.cat\/en\/producto\/extra-virgin-olive-oil-cornicabra-el-tilo-4\/#primaryimage","url":"https:\/\/bonsolis.cat\/wp-content\/uploads\/2026\/03\/LUZ9575_png_facil.png","contentUrl":"https:\/\/bonsolis.cat\/wp-content\/uploads\/2026\/03\/LUZ9575_png_facil.png","width":2048,"height":2048,"caption":"El Tilo Extra Virgin Olive Oil 3L glass bottle Cornicabra"},{"@type":"BreadcrumbList","@id":"https:\/\/bonsolis.cat\/en\/producto\/extra-virgin-olive-oil-cornicabra-el-tilo-4\/#breadcrumb","itemListElement":[{"@type":"ListItem","position":1,"name":"Inicio","item":"https:\/\/bonsolis.cat\/en\/"},{"@type":"ListItem","position":2,"name":"Store","item":"https:\/\/bonsolis.cat\/en\/shop\/"},{"@type":"ListItem","position":3,"name":"Extra Virgin Olive Oil CORNICABRA EL TILO"}]},{"@type":"WebSite","@id":"https:\/\/bonsolis.cat\/en\/#website","url":"https:\/\/bonsolis.cat\/en\/","name":"bonsolis","description":"","publisher":{"@id":"https:\/\/bonsolis.cat\/en\/#organization"},"potentialAction":[{"@type":"SearchAction","target":{"@type":"EntryPoint","urlTemplate":"https:\/\/bonsolis.cat\/en\/?s={search_term_string}"},"query-input":{"@type":"PropertyValueSpecification","valueRequired":true,"valueName":"search_term_string"}}],"inLanguage":"en-US"},{"@type":"Organization","@id":"https:\/\/bonsolis.cat\/en\/#organization","name":"bonsolis","url":"https:\/\/bonsolis.cat\/en\/","logo":{"@type":"ImageObject","inLanguage":"en-US","@id":"https:\/\/bonsolis.cat\/en\/#\/schema\/logo\/image\/","url":"https:\/\/bonsolis.cat\/wp-content\/uploads\/2024\/08\/bonsolis.svg","contentUrl":"https:\/\/bonsolis.cat\/wp-content\/uploads\/2024\/08\/bonsolis.svg","width":250,"height":90,"caption":"bonsolis"},"image":{"@id":"https:\/\/bonsolis.cat\/en\/#\/schema\/logo\/image\/"}}]}},"_links":{"self":[{"href":"https:\/\/bonsolis.cat\/en\/wp-json\/wp\/v2\/product\/12958","targetHints":{"allow":["GET"]}}],"collection":[{"href":"https:\/\/bonsolis.cat\/en\/wp-json\/wp\/v2\/product"}],"about":[{"href":"https:\/\/bonsolis.cat\/en\/wp-json\/wp\/v2\/types\/product"}],"replies":[{"embeddable":true,"href":"https:\/\/bonsolis.cat\/en\/wp-json\/wp\/v2\/comments?post=12958"}],"version-history":[{"count":7,"href":"https:\/\/bonsolis.cat\/en\/wp-json\/wp\/v2\/product\/12958\/revisions"}],"predecessor-version":[{"id":13387,"href":"https:\/\/bonsolis.cat\/en\/wp-json\/wp\/v2\/product\/12958\/revisions\/13387"}],"wp:featuredmedia":[{"embeddable":true,"href":"https:\/\/bonsolis.cat\/en\/wp-json\/wp\/v2\/media\/13424"}],"wp:attachment":[{"href":"https:\/\/bonsolis.cat\/en\/wp-json\/wp\/v2\/media?parent=12958"}],"wp:term":[{"taxonomy":"product_brand","embeddable":true,"href":"https:\/\/bonsolis.cat\/en\/wp-json\/wp\/v2\/product_brand?post=12958"},{"taxonomy":"product_cat","embeddable":true,"href":"https:\/\/bonsolis.cat\/en\/wp-json\/wp\/v2\/product_cat?post=12958"},{"taxonomy":"product_tag","embeddable":true,"href":"https:\/\/bonsolis.cat\/en\/wp-json\/wp\/v2\/product_tag?post=12958"}],"curies":[{"name":"wp","href":"https:\/\/api.w.org\/{rel}","templated":true}]}}