{"id":2506,"date":"2024-12-02T19:33:54","date_gmt":"2024-12-02T18:33:54","guid":{"rendered":"https:\/\/bonsolis.cat\/producto\/oli-doliva-cornicabra-verge-extra-el-tilo-llauna-5l-do-villuercas-ibores-jara-castanar-de-ibor-caceres-extremadura-extraccio-en-fred\/"},"modified":"2026-04-02T13:15:27","modified_gmt":"2026-04-02T11:15:27","slug":"oli-doliva-cornicabra-verge-extra-el-tilo-4","status":"publish","type":"product","link":"https:\/\/bonsolis.cat\/ca\/producto\/oli-doliva-cornicabra-verge-extra-el-tilo-4\/","title":{"rendered":"Oli d&#8217;Oliva CORNICABRA Verge Extra EL TILO"},"content":{"rendered":"<!DOCTYPE html PUBLIC \"-\/\/W3C\/\/DTD HTML 4.0 Transitional\/\/EN\" \"http:\/\/www.w3.org\/TR\/REC-html40\/loose.dtd\">\n<?xml encoding=\"utf-8\" ?><?xml encoding=\"utf-8\" ?><html><body><p class=\"ai-optimize-16 ai-optimize-introduction\">Oli d&rsquo;Oliva CORNICABRA Verge Extra Collita Primerenca EL TILO Llauna 5L<\/p>\n<p class=\"ai-optimize-17\">DO VILLUERCAS IBORES JARA Casta&ntilde;ar de &Iacute;bor (C&aacute;ceres-Extremadura)<\/p>\n<p class=\"ai-optimize-18\">Extracci&oacute; en fred<\/p>\n<p class=\"ai-optimize-18\">Informaci&oacute; nutricional:<\/p>\n<p class=\"ai-optimize-19\">Valors mitjos per 100g<\/p>\n<p class=\"ai-optimize-20\">Valor energ&egrave;tic: 3.629 k.\/883 kcal<\/p>\n<p class=\"ai-optimize-21\">Greix total: 98,1g (Saturats 14,5g)<\/p>\n<p class=\"ai-optimize-25\">Hidrats de carboni 0,1g, prote&iuml;nes 0,1g i sucres 0,1g cadascuna<\/p>\n<p class=\"ai-optimize-19\">Campanya 25\/26<\/p>\n<p class=\"ai-optimize-20\">Oli d&rsquo;Oliva 100% cornicabra Verge Extra amb un 75% d&rsquo;&agrave;cid oleic, per cuinar i utilitzar en fred, aguanta la temperatura i distingeix els teus plats.<\/p>\n<p class=\"ai-optimize-21\">Producte Gourmet premiat amb medalla de l&acute;AVPA.<\/p>\n<p class=\"ai-optimize-22\">Per formats, quant a conservaci&oacute;, la llauna est&agrave; molt per sobre del pl&agrave;stic.<\/p>\n<p class=\"ai-optimize-16\">Mol&iacute; Privat<\/p>\n<\/body><\/html>\n","protected":false},"excerpt":{"rendered":"<p class=\"ai-optimize-11 ai-optimize-introduction\">Oli d&#8217;Oliva CORNICABRA Verge Extra Collita Primerenca EL TILO Llauna 5L<\/p>\n<p class=\"ai-optimize-12\">DO VILLUERCAS IBORES JARA Casta\u00f1ar de \u00cdbor (C\u00e1ceres-Extremadura)<\/p>\n<p class=\"ai-optimize-13\">Extracci\u00f3 en fred<\/p>\n<p class=\"ai-optimize-14\">Campanya 25\/26<\/p>\n<p class=\"ai-optimize-15\">Oli d&#8217;Oliva 100% cornicabra Verge Extra amb un 75% d&#8217;\u00e0cid oleic, per cuinar i utilitzar en fred, aguanta la temperatura i distingeix els teus plats.<\/p>\n<p class=\"ai-optimize-16\">Producte Gourmet premiat amb medalla de l\u00b4AVPA.<\/p>\n<p class=\"ai-optimize-17\">Per formats, quant a conservaci\u00f3, la llauna est\u00e0 molt per sobre del pl\u00e0stic.<\/p>\n<p class=\"ai-optimize-16\">Mol\u00ed Privat<\/p>\n","protected":false},"featured_media":1766,"comment_status":"open","ping_status":"closed","template":"","meta":{"inline_featured_image":false},"product_brand":[],"product_cat":[413,262,411,240,673,409,691,198],"product_tag":[],"class_list":{"0":"post-2506","1":"product","2":"type-product","3":"status-publish","4":"has-post-thumbnail","6":"product_cat-collita-primerenca","7":"product_cat-cornicabra-ca","8":"product_cat-de-muntanya","9":"product_cat-dop-villuercas-ibores-jara-ca","10":"product_cat-envas-de-llauna","11":"product_cat-extraccio-en-fred","12":"product_cat-moli-privat","13":"product_cat-oli-doliva-verge-extra","15":"first","16":"instock","17":"featured","18":"taxable","19":"shipping-taxable","20":"purchasable","21":"product-type-simple"},"yoast_head":"<!-- This site is optimized with the Yoast SEO Premium plugin v25.2 (Yoast SEO v27.3) - https:\/\/yoast.com\/product\/yoast-seo-premium-wordpress\/ -->\n<title>Oli d&#039;Oliva CORNICABRA Verge Extra EL TILO - bonsolis<\/title>\n<meta name=\"description\" content=\"A \u3010Bons Olis\u3011 podr\u00e0s comprar oli d\u00b4oliva verge extra collita primerenca d\u00b4extracci\u00f3 en fred en llauna de 5L \u27a1\ufe0f Descobreix la nostra varietat Cornicabra.\" \/>\n<meta name=\"robots\" content=\"index, follow, max-snippet:-1, max-image-preview:large, max-video-preview:-1\" \/>\n<link rel=\"canonical\" href=\"https:\/\/bonsolis.cat\/ca\/producto\/oli-doliva-cornicabra-verge-extra-el-tilo-4\/\" \/>\n<meta property=\"og:locale\" content=\"ca_ES\" \/>\n<meta property=\"og:type\" content=\"article\" \/>\n<meta property=\"og:title\" content=\"Oli d&#039;Oliva CORNICABRA Verge Extra EL TILO\" \/>\n<meta property=\"og:description\" content=\"A \u3010Bons Olis\u3011 podr\u00e0s comprar oli d\u00b4oliva verge extra collita primerenca d\u00b4extracci\u00f3 en fred en llauna de 5L \u27a1\ufe0f Descobreix la nostra varietat Cornicabra.\" \/>\n<meta property=\"og:url\" content=\"https:\/\/bonsolis.cat\/ca\/producto\/oli-doliva-cornicabra-verge-extra-el-tilo-4\/\" \/>\n<meta property=\"og:site_name\" content=\"bonsolis\" \/>\n<meta property=\"article:modified_time\" content=\"2026-04-02T11:15:27+00:00\" \/>\n<meta property=\"og:image\" content=\"https:\/\/bonsolis.cat\/wp-content\/uploads\/2024\/12\/5L-lateral-scaled.jpg\" \/>\n\t<meta property=\"og:image:width\" content=\"1920\" \/>\n\t<meta property=\"og:image:height\" content=\"2560\" \/>\n\t<meta property=\"og:image:type\" content=\"image\/jpeg\" \/>\n<meta name=\"twitter:card\" content=\"summary_large_image\" \/>\n<meta name=\"twitter:label1\" content=\"Temps estimat de lectura\" \/>\n\t<meta name=\"twitter:data1\" content=\"1 minut\" \/>\n<!-- \/ Yoast SEO Premium plugin. -->","yoast_head_json":{"title":"Oli d'Oliva CORNICABRA Verge Extra EL TILO - bonsolis","description":"A \u3010Bons Olis\u3011 podr\u00e0s comprar oli d\u00b4oliva verge extra collita primerenca d\u00b4extracci\u00f3 en fred en llauna de 5L \u27a1\ufe0f Descobreix la nostra varietat Cornicabra.","robots":{"index":"index","follow":"follow","max-snippet":"max-snippet:-1","max-image-preview":"max-image-preview:large","max-video-preview":"max-video-preview:-1"},"canonical":"https:\/\/bonsolis.cat\/ca\/producto\/oli-doliva-cornicabra-verge-extra-el-tilo-4\/","og_locale":"ca_ES","og_type":"article","og_title":"Oli d'Oliva CORNICABRA Verge Extra EL TILO","og_description":"A \u3010Bons Olis\u3011 podr\u00e0s comprar oli d\u00b4oliva verge extra collita primerenca d\u00b4extracci\u00f3 en fred en llauna de 5L \u27a1\ufe0f Descobreix la nostra varietat Cornicabra.","og_url":"https:\/\/bonsolis.cat\/ca\/producto\/oli-doliva-cornicabra-verge-extra-el-tilo-4\/","og_site_name":"bonsolis","article_modified_time":"2026-04-02T11:15:27+00:00","og_image":[{"width":1920,"height":2560,"url":"https:\/\/bonsolis.cat\/wp-content\/uploads\/2024\/12\/5L-lateral-scaled.jpg","type":"image\/jpeg"}],"twitter_card":"summary_large_image","twitter_misc":{"Temps estimat de lectura":"1 minut"},"schema":{"@context":"https:\/\/schema.org","@graph":[{"@type":"WebPage","@id":"https:\/\/bonsolis.cat\/ca\/producto\/oli-doliva-cornicabra-verge-extra-el-tilo-4\/","url":"https:\/\/bonsolis.cat\/ca\/producto\/oli-doliva-cornicabra-verge-extra-el-tilo-4\/","name":"Oli d'Oliva CORNICABRA Verge Extra EL TILO - bonsolis","isPartOf":{"@id":"https:\/\/bonsolis.cat\/ca\/#website"},"primaryImageOfPage":{"@id":"https:\/\/bonsolis.cat\/ca\/producto\/oli-doliva-cornicabra-verge-extra-el-tilo-4\/#primaryimage"},"image":{"@id":"https:\/\/bonsolis.cat\/ca\/producto\/oli-doliva-cornicabra-verge-extra-el-tilo-4\/#primaryimage"},"thumbnailUrl":"https:\/\/bonsolis.cat\/wp-content\/uploads\/2024\/12\/5L-lateral-scaled.jpg","datePublished":"2024-12-02T18:33:54+00:00","dateModified":"2026-04-02T11:15:27+00:00","description":"A \u3010Bons Olis\u3011 podr\u00e0s comprar oli d\u00b4oliva verge extra collita primerenca d\u00b4extracci\u00f3 en fred en llauna de 5L \u27a1\ufe0f Descobreix la nostra varietat Cornicabra.","breadcrumb":{"@id":"https:\/\/bonsolis.cat\/ca\/producto\/oli-doliva-cornicabra-verge-extra-el-tilo-4\/#breadcrumb"},"inLanguage":"ca","potentialAction":[{"@type":"ReadAction","target":["https:\/\/bonsolis.cat\/ca\/producto\/oli-doliva-cornicabra-verge-extra-el-tilo-4\/"]}]},{"@type":"ImageObject","inLanguage":"ca","@id":"https:\/\/bonsolis.cat\/ca\/producto\/oli-doliva-cornicabra-verge-extra-el-tilo-4\/#primaryimage","url":"https:\/\/bonsolis.cat\/wp-content\/uploads\/2024\/12\/5L-lateral-scaled.jpg","contentUrl":"https:\/\/bonsolis.cat\/wp-content\/uploads\/2024\/12\/5L-lateral-scaled.jpg","width":1920,"height":2560,"caption":"Oli d'Oliva Verge Extra CORNICABRA EL TILO 5L"},{"@type":"BreadcrumbList","@id":"https:\/\/bonsolis.cat\/ca\/producto\/oli-doliva-cornicabra-verge-extra-el-tilo-4\/#breadcrumb","itemListElement":[{"@type":"ListItem","position":1,"name":"Inicio","item":"https:\/\/bonsolis.cat\/ca\/"},{"@type":"ListItem","position":2,"name":"Botiga","item":"https:\/\/bonsolis.cat\/ca\/shop\/"},{"@type":"ListItem","position":3,"name":"Oli d&#8217;Oliva CORNICABRA Verge Extra EL TILO"}]},{"@type":"WebSite","@id":"https:\/\/bonsolis.cat\/ca\/#website","url":"https:\/\/bonsolis.cat\/ca\/","name":"bonsolis","description":"","publisher":{"@id":"https:\/\/bonsolis.cat\/ca\/#organization"},"potentialAction":[{"@type":"SearchAction","target":{"@type":"EntryPoint","urlTemplate":"https:\/\/bonsolis.cat\/ca\/?s={search_term_string}"},"query-input":{"@type":"PropertyValueSpecification","valueRequired":true,"valueName":"search_term_string"}}],"inLanguage":"ca"},{"@type":"Organization","@id":"https:\/\/bonsolis.cat\/ca\/#organization","name":"bonsolis","url":"https:\/\/bonsolis.cat\/ca\/","logo":{"@type":"ImageObject","inLanguage":"ca","@id":"https:\/\/bonsolis.cat\/ca\/#\/schema\/logo\/image\/","url":"https:\/\/bonsolis.cat\/wp-content\/uploads\/2024\/08\/bonsolis.svg","contentUrl":"https:\/\/bonsolis.cat\/wp-content\/uploads\/2024\/08\/bonsolis.svg","width":250,"height":90,"caption":"bonsolis"},"image":{"@id":"https:\/\/bonsolis.cat\/ca\/#\/schema\/logo\/image\/"}}]}},"_links":{"self":[{"href":"https:\/\/bonsolis.cat\/ca\/wp-json\/wp\/v2\/product\/2506","targetHints":{"allow":["GET"]}}],"collection":[{"href":"https:\/\/bonsolis.cat\/ca\/wp-json\/wp\/v2\/product"}],"about":[{"href":"https:\/\/bonsolis.cat\/ca\/wp-json\/wp\/v2\/types\/product"}],"replies":[{"embeddable":true,"href":"https:\/\/bonsolis.cat\/ca\/wp-json\/wp\/v2\/comments?post=2506"}],"version-history":[{"count":6,"href":"https:\/\/bonsolis.cat\/ca\/wp-json\/wp\/v2\/product\/2506\/revisions"}],"predecessor-version":[{"id":13230,"href":"https:\/\/bonsolis.cat\/ca\/wp-json\/wp\/v2\/product\/2506\/revisions\/13230"}],"wp:featuredmedia":[{"embeddable":true,"href":"https:\/\/bonsolis.cat\/ca\/wp-json\/wp\/v2\/media\/1766"}],"wp:attachment":[{"href":"https:\/\/bonsolis.cat\/ca\/wp-json\/wp\/v2\/media?parent=2506"}],"wp:term":[{"taxonomy":"product_brand","embeddable":true,"href":"https:\/\/bonsolis.cat\/ca\/wp-json\/wp\/v2\/product_brand?post=2506"},{"taxonomy":"product_cat","embeddable":true,"href":"https:\/\/bonsolis.cat\/ca\/wp-json\/wp\/v2\/product_cat?post=2506"},{"taxonomy":"product_tag","embeddable":true,"href":"https:\/\/bonsolis.cat\/ca\/wp-json\/wp\/v2\/product_tag?post=2506"}],"curies":[{"name":"wp","href":"https:\/\/api.w.org\/{rel}","templated":true}]}}