{"id":2496,"date":"2025-01-13T19:07:17","date_gmt":"2025-01-13T18:07:17","guid":{"rendered":"https:\/\/bonsolis.cat\/producto\/oli-doliva-arbequina-verge-extra-collita-temprana-ecologic-albium-llauna-5l-lalbi-garrigues-lleida-extraccio-en-fred\/"},"modified":"2026-04-02T13:16:37","modified_gmt":"2026-04-02T11:16:37","slug":"oli-doliva-arbequina-verge-extra-ecologic-albium","status":"publish","type":"product","link":"https:\/\/bonsolis.cat\/ca\/producto\/oli-doliva-arbequina-verge-extra-ecologic-albium\/","title":{"rendered":"Oli d&#8217;Oliva ARBEQUINA Verge Extra ECOL\u00d2GIC ALBIUM"},"content":{"rendered":"<!DOCTYPE html PUBLIC \"-\/\/W3C\/\/DTD HTML 4.0 Transitional\/\/EN\" \"http:\/\/www.w3.org\/TR\/REC-html40\/loose.dtd\">\n<?xml encoding=\"utf-8\" ?><?xml encoding=\"utf-8\" ?><html><body><p class=\"ai-optimize-16 ai-optimize-introduction\">Oli d&rsquo;Oliva ARBEQUINA Verge Extra Collita Primerenca Extracci&oacute; en fred Ecol&ograve;gic ALBIUM Garrigues Llauna 5L Mol&iacute; Privat<\/p>\n<p class=\"ai-optimize-19\">Valors mitjos per 100g<\/p>\n<p class=\"ai-optimize-20\">Valor energ&egrave;tic: 340 k\/80 kcal<\/p>\n<p class=\"ai-optimize-21\">Greix total: 3g (Saturats 0,5g, Monoinsaturats 0,3g i Poliinsaturats 0,3g)<\/p>\n<p class=\"ai-optimize-25\">Hidrats de carboni 12g, sucres 2,5g, fibra aliment&agrave;ria 2,5g, prote&iuml;nes i sal 0,8g cadascuna<\/p>\n<p class=\"ai-optimize-17\">Campanya 25\/26<\/p>\n<\/body><\/html>\n","protected":false},"excerpt":{"rendered":"<p class=\"ai-optimize-19 ai-optimize-introduction\">Oli d&#8217;Oliva ARBEQUINA Verge Extra Collita Primerenca Extracci\u00f3 en fred Ecol\u00f2gic ALBIUM Garrigues Llauna 5L Mol\u00ed Privat<\/p>\n<p class=\"ai-optimize-20\">Campanya 25\/26<\/p>\n","protected":false},"featured_media":1919,"comment_status":"open","ping_status":"closed","template":"","meta":{"inline_featured_image":false},"product_brand":[],"product_cat":[248,413,415,409,420,691,198,408],"product_tag":[],"class_list":{"0":"post-2496","1":"product","2":"type-product","3":"status-publish","4":"has-post-thumbnail","6":"product_cat-arbequina-ca","7":"product_cat-collita-primerenca","8":"product_cat-ecologic","9":"product_cat-extraccio-en-fred","10":"product_cat-lalbi-garrigues","11":"product_cat-moli-privat","12":"product_cat-oli-doliva-verge-extra","13":"product_cat-olis-verds","15":"first","16":"instock","17":"featured","18":"taxable","19":"shipping-taxable","20":"purchasable","21":"product-type-simple"},"yoast_head":"<!-- This site is optimized with the Yoast SEO Premium plugin v25.2 (Yoast SEO v27.3) - https:\/\/yoast.com\/product\/yoast-seo-premium-wordpress\/ -->\n<title>Oli d&#039;Oliva ARBEQUINA Verge Extra ECOL\u00d2GIC ALBIUM - bonsolis<\/title>\n<meta name=\"description\" content=\"A \u3010Bons Olis\u3011 podr\u00e0s comprar oli d\u00b4oliva verge extra ecol\u00f2gic d\u00b4arbequina en collita primerenca online d\u00b4alta qualitat \u27a1\ufe0f Descobreix-ho.\" \/>\n<meta name=\"robots\" content=\"index, follow, max-snippet:-1, max-image-preview:large, max-video-preview:-1\" \/>\n<link rel=\"canonical\" href=\"https:\/\/bonsolis.cat\/ca\/producto\/oli-doliva-arbequina-verge-extra-ecologic-albium\/\" \/>\n<meta property=\"og:locale\" content=\"ca_ES\" \/>\n<meta property=\"og:type\" content=\"article\" \/>\n<meta property=\"og:title\" content=\"Oli d&#039;Oliva ARBEQUINA Verge Extra ECOL\u00d2GIC ALBIUM\" \/>\n<meta property=\"og:description\" content=\"A \u3010Bons Olis\u3011 podr\u00e0s comprar oli d\u00b4oliva verge extra ecol\u00f2gic d\u00b4arbequina en collita primerenca online d\u00b4alta qualitat \u27a1\ufe0f Descobreix-ho.\" \/>\n<meta property=\"og:url\" content=\"https:\/\/bonsolis.cat\/ca\/producto\/oli-doliva-arbequina-verge-extra-ecologic-albium\/\" \/>\n<meta property=\"og:site_name\" content=\"bonsolis\" \/>\n<meta property=\"article:modified_time\" content=\"2026-04-02T11:16:37+00:00\" \/>\n<meta property=\"og:image\" content=\"https:\/\/bonsolis.cat\/wp-content\/uploads\/2025\/01\/llauna-5l-eco.jpg\" \/>\n\t<meta property=\"og:image:width\" content=\"1920\" \/>\n\t<meta property=\"og:image:height\" content=\"1920\" \/>\n\t<meta property=\"og:image:type\" content=\"image\/jpeg\" \/>\n<meta name=\"twitter:card\" content=\"summary_large_image\" \/>\n<meta name=\"twitter:label1\" content=\"Temps estimat de lectura\" \/>\n\t<meta name=\"twitter:data1\" content=\"1 minut\" \/>\n<!-- \/ Yoast SEO Premium plugin. -->","yoast_head_json":{"title":"Oli d'Oliva ARBEQUINA Verge Extra ECOL\u00d2GIC ALBIUM - bonsolis","description":"A \u3010Bons Olis\u3011 podr\u00e0s comprar oli d\u00b4oliva verge extra ecol\u00f2gic d\u00b4arbequina en collita primerenca online d\u00b4alta qualitat \u27a1\ufe0f Descobreix-ho.","robots":{"index":"index","follow":"follow","max-snippet":"max-snippet:-1","max-image-preview":"max-image-preview:large","max-video-preview":"max-video-preview:-1"},"canonical":"https:\/\/bonsolis.cat\/ca\/producto\/oli-doliva-arbequina-verge-extra-ecologic-albium\/","og_locale":"ca_ES","og_type":"article","og_title":"Oli d'Oliva ARBEQUINA Verge Extra ECOL\u00d2GIC ALBIUM","og_description":"A \u3010Bons Olis\u3011 podr\u00e0s comprar oli d\u00b4oliva verge extra ecol\u00f2gic d\u00b4arbequina en collita primerenca online d\u00b4alta qualitat \u27a1\ufe0f Descobreix-ho.","og_url":"https:\/\/bonsolis.cat\/ca\/producto\/oli-doliva-arbequina-verge-extra-ecologic-albium\/","og_site_name":"bonsolis","article_modified_time":"2026-04-02T11:16:37+00:00","og_image":[{"width":1920,"height":1920,"url":"https:\/\/bonsolis.cat\/wp-content\/uploads\/2025\/01\/llauna-5l-eco.jpg","type":"image\/jpeg"}],"twitter_card":"summary_large_image","twitter_misc":{"Temps estimat de lectura":"1 minut"},"schema":{"@context":"https:\/\/schema.org","@graph":[{"@type":"WebPage","@id":"https:\/\/bonsolis.cat\/ca\/producto\/oli-doliva-arbequina-verge-extra-ecologic-albium\/","url":"https:\/\/bonsolis.cat\/ca\/producto\/oli-doliva-arbequina-verge-extra-ecologic-albium\/","name":"Oli d'Oliva ARBEQUINA Verge Extra ECOL\u00d2GIC ALBIUM - bonsolis","isPartOf":{"@id":"https:\/\/bonsolis.cat\/ca\/#website"},"primaryImageOfPage":{"@id":"https:\/\/bonsolis.cat\/ca\/producto\/oli-doliva-arbequina-verge-extra-ecologic-albium\/#primaryimage"},"image":{"@id":"https:\/\/bonsolis.cat\/ca\/producto\/oli-doliva-arbequina-verge-extra-ecologic-albium\/#primaryimage"},"thumbnailUrl":"https:\/\/bonsolis.cat\/wp-content\/uploads\/2025\/01\/llauna-5l-eco.jpg","datePublished":"2025-01-13T18:07:17+00:00","dateModified":"2026-04-02T11:16:37+00:00","description":"A \u3010Bons Olis\u3011 podr\u00e0s comprar oli d\u00b4oliva verge extra ecol\u00f2gic d\u00b4arbequina en collita primerenca online d\u00b4alta qualitat \u27a1\ufe0f Descobreix-ho.","breadcrumb":{"@id":"https:\/\/bonsolis.cat\/ca\/producto\/oli-doliva-arbequina-verge-extra-ecologic-albium\/#breadcrumb"},"inLanguage":"ca","potentialAction":[{"@type":"ReadAction","target":["https:\/\/bonsolis.cat\/ca\/producto\/oli-doliva-arbequina-verge-extra-ecologic-albium\/"]}]},{"@type":"ImageObject","inLanguage":"ca","@id":"https:\/\/bonsolis.cat\/ca\/producto\/oli-doliva-arbequina-verge-extra-ecologic-albium\/#primaryimage","url":"https:\/\/bonsolis.cat\/wp-content\/uploads\/2025\/01\/llauna-5l-eco.jpg","contentUrl":"https:\/\/bonsolis.cat\/wp-content\/uploads\/2025\/01\/llauna-5l-eco.jpg","width":1920,"height":1920,"caption":"Aceite de Oliva Virgen Extra Ecol\u00f3gico Lata 5L ALBIUM"},{"@type":"BreadcrumbList","@id":"https:\/\/bonsolis.cat\/ca\/producto\/oli-doliva-arbequina-verge-extra-ecologic-albium\/#breadcrumb","itemListElement":[{"@type":"ListItem","position":1,"name":"Inicio","item":"https:\/\/bonsolis.cat\/ca\/"},{"@type":"ListItem","position":2,"name":"Botiga","item":"https:\/\/bonsolis.cat\/ca\/shop\/"},{"@type":"ListItem","position":3,"name":"Oli d&#8217;Oliva ARBEQUINA Verge Extra ECOL\u00d2GIC ALBIUM"}]},{"@type":"WebSite","@id":"https:\/\/bonsolis.cat\/ca\/#website","url":"https:\/\/bonsolis.cat\/ca\/","name":"bonsolis","description":"","publisher":{"@id":"https:\/\/bonsolis.cat\/ca\/#organization"},"potentialAction":[{"@type":"SearchAction","target":{"@type":"EntryPoint","urlTemplate":"https:\/\/bonsolis.cat\/ca\/?s={search_term_string}"},"query-input":{"@type":"PropertyValueSpecification","valueRequired":true,"valueName":"search_term_string"}}],"inLanguage":"ca"},{"@type":"Organization","@id":"https:\/\/bonsolis.cat\/ca\/#organization","name":"bonsolis","url":"https:\/\/bonsolis.cat\/ca\/","logo":{"@type":"ImageObject","inLanguage":"ca","@id":"https:\/\/bonsolis.cat\/ca\/#\/schema\/logo\/image\/","url":"https:\/\/bonsolis.cat\/wp-content\/uploads\/2024\/08\/bonsolis.svg","contentUrl":"https:\/\/bonsolis.cat\/wp-content\/uploads\/2024\/08\/bonsolis.svg","width":250,"height":90,"caption":"bonsolis"},"image":{"@id":"https:\/\/bonsolis.cat\/ca\/#\/schema\/logo\/image\/"}}]}},"_links":{"self":[{"href":"https:\/\/bonsolis.cat\/ca\/wp-json\/wp\/v2\/product\/2496","targetHints":{"allow":["GET"]}}],"collection":[{"href":"https:\/\/bonsolis.cat\/ca\/wp-json\/wp\/v2\/product"}],"about":[{"href":"https:\/\/bonsolis.cat\/ca\/wp-json\/wp\/v2\/types\/product"}],"replies":[{"embeddable":true,"href":"https:\/\/bonsolis.cat\/ca\/wp-json\/wp\/v2\/comments?post=2496"}],"version-history":[{"count":3,"href":"https:\/\/bonsolis.cat\/ca\/wp-json\/wp\/v2\/product\/2496\/revisions"}],"predecessor-version":[{"id":13241,"href":"https:\/\/bonsolis.cat\/ca\/wp-json\/wp\/v2\/product\/2496\/revisions\/13241"}],"wp:featuredmedia":[{"embeddable":true,"href":"https:\/\/bonsolis.cat\/ca\/wp-json\/wp\/v2\/media\/1919"}],"wp:attachment":[{"href":"https:\/\/bonsolis.cat\/ca\/wp-json\/wp\/v2\/media?parent=2496"}],"wp:term":[{"taxonomy":"product_brand","embeddable":true,"href":"https:\/\/bonsolis.cat\/ca\/wp-json\/wp\/v2\/product_brand?post=2496"},{"taxonomy":"product_cat","embeddable":true,"href":"https:\/\/bonsolis.cat\/ca\/wp-json\/wp\/v2\/product_cat?post=2496"},{"taxonomy":"product_tag","embeddable":true,"href":"https:\/\/bonsolis.cat\/ca\/wp-json\/wp\/v2\/product_tag?post=2496"}],"curies":[{"name":"wp","href":"https:\/\/api.w.org\/{rel}","templated":true}]}}